{"id":58,"date":"2024-07-19T01:34:20","date_gmt":"2024-07-18T23:34:20","guid":{"rendered":"http:\/\/skoleni-prvni-pomoc.cz\/?page_id=58"},"modified":"2024-07-21T23:15:55","modified_gmt":"2024-07-21T21:15:55","slug":"cenik","status":"publish","type":"page","link":"https:\/\/skoleni-prvni-pomoc.cz\/?page_id=58","title":{"rendered":"Cen\u00edk"},"content":{"rendered":"\n<h2 class=\"wp-block-heading\"><em>PP\u00a0pro <strong>firemn\u00ed zam\u011bstnance<\/strong> <\/em><\/h2>\n\n\n\n<p><strong>450,- K\u010d \/ 1 osoba<\/strong><\/p>\n\n\n\n<p>5 a\u017e 9 \u00fa\u010dastn\u00edk\u016f &#8211; sleva 10% z&nbsp;celkov\u00e9 ceny<\/p>\n\n\n\n<p>10 a\u017e 15 \u00fa\u010dastn\u00edk\u016f \u2013 sleva 15% z&nbsp;celkov\u00e9 ceny + doprava se slevou 50% do 200 km<\/p>\n\n\n\n<p>16 a\u017e 35 \u00fa\u010dastn\u00edk\u016f \u2013 sleva 20% z\u00a0celkov\u00e9 ceny  + doprava zdarma do 200 km<\/p>\n\n\n\n<p>36 a\u017e 49 \u00fa\u010dastn\u00edk\u016f \u2013 sleva 25% z\u00a0celkov\u00e9 ceny  + doprava zdarma do 200 km<\/p>\n\n\n\n<p>50 a v\u00edce \u00fa\u010dastn\u00edk\u016f \u2013 sleva 30% z\u00a0celkov\u00e9 ceny  + doprava zdarma do 200 km<\/p>\n\n\n\n<p>doprava lektora 10,-K\u010d\/km, p\u0159i realizaci na \u00fazem\u00ed obce Liberec a Jablonec nad Nisou se doprava ne\u00fa\u010dtuje<\/p>\n\n\n\n<p><\/p>\n\n\n\n<h2 class=\"wp-block-heading\"><em>PP pro\u00a0<strong>neziskov\u00e9 organizace<\/strong><\/em><\/h2>\n\n\n\n<p><strong>345,- K\u010d \/ 1 osoba<\/strong><\/p>\n\n\n\n<p>5 a\u017e 9 \u00fa\u010dastn\u00edk\u016f &#8211; sleva 10% z&nbsp;celkov\u00e9 ceny<\/p>\n\n\n\n<p>10 a\u017e 15 \u00fa\u010dastn\u00edk\u016f \u2013 sleva 15% z&nbsp;celkov\u00e9 ceny + doprava se slevou 50% do 200 km<\/p>\n\n\n\n<p>16 a\u017e 35 \u00fa\u010dastn\u00edk\u016f \u2013 sleva 20% z&nbsp;celkov\u00e9 ceny  + doprava zdarma do 200 km<\/p>\n\n\n\n<p>36 a\u017e 49 \u00fa\u010dastn\u00edk\u016f \u2013 sleva 25% z&nbsp;celkov\u00e9 ceny  + doprava zdarma do 200 km<\/p>\n\n\n\n<p>50 a v\u00edce \u00fa\u010dastn\u00edk\u016f \u2013 sleva 30% z&nbsp;celkov\u00e9 ceny  + doprava zdarma do 200 km<\/p>\n\n\n\n<p>doprava lektora 10,-K\u010d\/km, p\u0159i realizaci na \u00fazem\u00ed obce Liberec a Jablonec nad Nisou se doprava ne\u00fa\u010dtuje<\/p>\n\n\n\n<p><\/p>\n","protected":false},"excerpt":{"rendered":"<p>PP\u00a0pro firemn\u00ed zam\u011bstnance 450,- K\u010d \/ 1 osoba 5 a\u017e 9 \u00fa\u010dastn\u00edk\u016f &#8211; sleva 10% z&nbsp;celkov\u00e9 ceny 10 a\u017e 15 \u00fa\u010dastn\u00edk\u016f \u2013 sleva 15% z&nbsp;celkov\u00e9 ceny + doprava se slevou 50% do 200 km 16 a\u017e 35 \u00fa\u010dastn\u00edk\u016f \u2013 sleva 20% z\u00a0celkov\u00e9 ceny + doprava zdarma do 200 km 36 a\u017e 49 \u00fa\u010dastn\u00edk\u016f \u2013 sleva [&hellip;]<\/p>\n","protected":false},"author":2,"featured_media":0,"parent":0,"menu_order":0,"comment_status":"closed","ping_status":"closed","template":"","meta":{"hide_page_title":"","footnotes":""},"class_list":["post-58","page","type-page","status-publish","hentry"],"_links":{"self":[{"href":"https:\/\/skoleni-prvni-pomoc.cz\/index.php?rest_route=\/wp\/v2\/pages\/58","targetHints":{"allow":["GET"]}}],"collection":[{"href":"https:\/\/skoleni-prvni-pomoc.cz\/index.php?rest_route=\/wp\/v2\/pages"}],"about":[{"href":"https:\/\/skoleni-prvni-pomoc.cz\/index.php?rest_route=\/wp\/v2\/types\/page"}],"author":[{"embeddable":true,"href":"https:\/\/skoleni-prvni-pomoc.cz\/index.php?rest_route=\/wp\/v2\/users\/2"}],"replies":[{"embeddable":true,"href":"https:\/\/skoleni-prvni-pomoc.cz\/index.php?rest_route=%2Fwp%2Fv2%2Fcomments&post=58"}],"version-history":[{"count":3,"href":"https:\/\/skoleni-prvni-pomoc.cz\/index.php?rest_route=\/wp\/v2\/pages\/58\/revisions"}],"predecessor-version":[{"id":76,"href":"https:\/\/skoleni-prvni-pomoc.cz\/index.php?rest_route=\/wp\/v2\/pages\/58\/revisions\/76"}],"wp:attachment":[{"href":"https:\/\/skoleni-prvni-pomoc.cz\/index.php?rest_route=%2Fwp%2Fv2%2Fmedia&parent=58"}],"curies":[{"name":"wp","href":"https:\/\/api.w.org\/{rel}","templated":true}]}}