{"id":40,"date":"2024-07-18T15:25:51","date_gmt":"2024-07-18T13:25:51","guid":{"rendered":"http:\/\/skoleni-prvni-pomoc.cz\/?page_id=40"},"modified":"2024-07-19T15:14:05","modified_gmt":"2024-07-19T13:14:05","slug":"reference","status":"publish","type":"page","link":"https:\/\/skoleni-prvni-pomoc.cz\/?page_id=40","title":{"rendered":"Reference"},"content":{"rendered":"\n<h2 class=\"wp-block-heading\">PRAKTIK system s.r.o.<\/h2>\n\n\n\n<p><em>V\u00e1\u017een\u00fd pane Riegere, p\u0159edn\u011b velk\u00e9 d\u00edky za skv\u011bl\u00e9 \u0161kolen\u00ed prvn\u00ed pomoci, kter\u00e9 u n\u00e1s prob\u011bhlo minulou st\u0159edu 26. 10. Inspiroval jste n\u00e1s mimo jin\u00e9 i koup\u00ed defibril\u00e1toru.<\/em> P. K., 07.11.2022<\/p>\n\n\n\n<h2 class=\"wp-block-heading\"><\/h2>\n\n\n\n<h2 class=\"wp-block-heading\">M\u0160 \u010cesk\u00fd Dub<\/h2>\n\n\n\n<p><em>Dobr\u00fd den pane Rieger, je\u0161t\u011b jednou V\u00e1m d\u011bkujeme za pro\u0161kolen\u00ed v oblasti prvn\u00ed pomoci na\u0161ich zam\u011bstnanc\u016f. \u0160kolen\u00ed bylo velmi p\u0159\u00ednosn\u00e9, p\u0159ehledn\u00e9 s kultivovan\u00fdm mluvn\u00edm projevem. Kladn\u011b t\u00e9\u017e hodnot\u00edme praktick\u00e9 uk\u00e1zky s mo\u017enost\u00ed vlastn\u00edho n\u00e1cviku. Budeme se t\u011b\u0161it na dal\u0161\u00ed setk\u00e1n\u00ed!<\/em> M.S., 20.10.2022<\/p>\n\n\n\n<h2 class=\"wp-block-heading\"><\/h2>\n\n\n\n<h2 class=\"wp-block-heading\">Akademie j\u00f3gy s.r.o.<\/h2>\n\n\n\n<p><em>Je\u0161t\u011b jednou bych V\u00e1m cht\u011bla pod\u011bkovat za veden\u00ed \u0161kolen\u00ed prvn\u00ed pomoci.<\/em> S.J., 2.10.2022<\/p>\n\n\n\n<h2 class=\"wp-block-heading\"><\/h2>\n\n\n\n<h2 class=\"wp-block-heading\">Z\u0160 Liberec, ul. 5. kv\u011btna<\/h2>\n\n\n\n<p><em>Dobr\u00fd den, pane Riegere, d\u011bkuji v\u00e1m mnohokr\u00e1t za zaslan\u00e9 materi\u00e1ly. Jsme moc r\u00e1di, \u017ee jsme si vybrali pro \u0161kolen\u00ed pedagog\u016f p\u0159\u00edmo v\u00e1s. Upoutal jste sv\u00fdm vystupov\u00e1n\u00edm kolegy ve v\u0161ech t\u0159ech skupin\u00e1ch. V\u00e1\u0161 v\u00fdklad byl jasn\u00fd, srozumiteln\u00fd a poutav\u00fd. Mnoho z n\u00e1s u\u017e m\u00e1 aplikaci Z\u00e1chranka ve sv\u00fdch telefonech. R\u00e1di jsme si vyzkou\u0161eli z\u00e1klady prvn\u00ed pomoci i po praktick\u00e9 str\u00e1nce, na figur\u00edn\u00e1ch. Ji\u017e nyn\u00ed se t\u011b\u0161\u00edme na dal\u0161\u00ed \u0161kolen\u00ed s v\u00e1mi.<\/em> R. K. z\u00e1stupce \u0159editele, 10.11.2021<\/p>\n\n\n\n<h2 class=\"wp-block-heading\"><\/h2>\n\n\n\n<h2 class=\"wp-block-heading\">Ferona, a.s.<\/h2>\n\n\n\n<p><em>Dobr\u00fd den pane Riegere, mnohokr\u00e1t d\u011bkuji za zaslan\u00e9 dokumenty a je\u0161t\u011b jednou za dokonal\u00e9 \u0161kolen\u00ed. S p\u0159\u00e1n\u00edm hezk\u00e9ho dne<\/em> L.P., 2.7.2021<\/p>\n\n\n\n<h2 class=\"wp-block-heading\"><\/h2>\n\n\n\n<h2 class=\"wp-block-heading\">Tejas, s.r.o.<\/h2>\n\n\n\n<p><em>Velice V\u00e1m d\u011bkujeme za velmi p\u011bkn\u011b zpracovan\u00e9 \u0161kolen\u00ed a Va\u0161i prezentaci v elektronick\u00e9 podob\u011b. P\u0159ejeme pevn\u00e9 zdrav\u00ed a hodn\u011b z\u00e1chran\u00e1\u0159sk\u00fdch \u00fasp\u011bch\u016f. S p\u0159\u00e1telsk\u00fdm pozdravem<\/em> M.K., 29.6.2021<\/p>\n\n\n\n<h2 class=\"wp-block-heading\"><\/h2>\n\n\n\n<h2 class=\"wp-block-heading\"><\/h2>\n\n\n\n<h2 class=\"wp-block-heading\">KSSLK, p.o.<\/h2>\n\n\n\n<p><em>M\u00e1me hodn\u011b pracovn\u00edch \u00fakol\u016f a jak\u00e1koliv dal\u0161\u00ed \u010dinnost n\u00e1s \u010dasov\u011b zat\u011b\u017euje. Ka\u017edou hodinu str\u00e1venou n\u011bkdy i na nez\u00e1\u017eivn\u00e9m \u0161kolen\u00ed bez u\u017eitku pak slo\u017eit\u011b doh\u00e1n\u00edme. To se v\u0161ak net\u00fdk\u00e1 v\u010derej\u0161\u00edho \u0161kolen\u00ed. S kolegy jsme se shodli, \u017ee se n\u00e1m va\u0161e \u0161kolen\u00ed 1.pomoci l\u00edbilo a \u017ee to nebyl zbyte\u010dn\u011b str\u00e1ven\u00fd \u010das. D\u011bkujeme.<\/em> B.\u0160., 28.6.2021<\/p>\n\n\n\n<h2 class=\"wp-block-heading\"><\/h2>\n\n\n\n<h2 class=\"wp-block-heading\"><\/h2>\n\n\n\n<h2 class=\"wp-block-heading\">M\u0160 Beru\u0161ka, Liberec<\/h2>\n\n\n\n<p><em>V\u00e1\u017een\u00fd pane Riegere, moc d\u011bkujeme za V\u00e1\u0161 profesion\u00e1ln\u00ed p\u0159\u00edstup a za skv\u011bl\u00e9 veden\u00ed odpoledn\u00edho \u0161kolen\u00ed. D\u011bv\u010data byla nad\u0161ena.<\/em> L. S., \u0159editelka M\u0160, 25.6.2021.<\/p>\n\n\n\n<h2 class=\"wp-block-heading\"><\/h2>\n\n\n\n<h2 class=\"wp-block-heading\">Z\u0160 Orl\u00ed, Liberec<\/h2>\n\n\n\n<p><em>D\u011bkujeme za perfektn\u00ed \u0161kolen\u00ed prvn\u00ed pomoci na na\u0161em pracovi\u0161ti. Zp\u011btn\u00e1 vazba ze strany zam\u011bstnanc\u016f je pozitivn\u00ed. Velice se jim l\u00edbila Va\u0161e prezentace, kter\u00e1 se v\u011bnovala aktu\u00e1ln\u00edmu probl\u00e9mu covid 19 (s n\u00edm\u017e jsme nyn\u00ed bohu\u017eel v p\u0159\u00edm\u00e9m kontaktu). D\u011bkujeme za podrobn\u00e9 pro\u0161kolen\u00ed postupu p\u0159i epileptick\u00e9m z\u00e1chvatu &#8211; u\u010ditel\u00e9 nyn\u00ed v\u011bd\u00ed, jak p\u0159esn\u011b a s chladnou hlavou reagovat. Kvitov\u00e1ny byly praktick\u00e9 n\u00e1cviky PP &#8211; na figur\u00edn\u00e1ch, v\u010detn\u011b mo\u017enosti zkusit si manipulaci s AED. D\u011bkujeme a budeme se t\u011b\u0161it na dal\u0161\u00ed zaj\u00edmav\u00e9 \u0161kolen\u00ed.<\/em> B. H., \u0159editelka Z\u0160, 10.9.2020<\/p>\n\n\n\n<h2 class=\"wp-block-heading\">ZIKUDA \u2013 vodohospod\u00e1\u0159sk\u00e9 stavby spol. s r.o.<\/h2>\n\n\n\n<p><em>Dobr\u00fd den, d\u011bkuji za zaslan\u00e9 \u0161kol\u00edc\u00ed materi\u00e1ly, a je\u0161t\u011b jednou moc d\u011bkuji za \u0161kolen prvn\u00ed pomoci. M\u011blo to velmi kladn\u00fd ohlas. Ur\u010dit\u011b pros\u00edm po\u010d\u00edtejte s dvoulet\u00fdm cyklem obnovy. S pozdravem<\/em> T. L., vedouc\u00ed v\u00fdroby, 22.1.2020<\/p>\n\n\n\n<h2 class=\"wp-block-heading\">Z\u0160 a M\u0160 Hlavice<\/h2>\n\n\n\n<p><em>Dobr\u00fd den pane Riegere, r\u00e1da bych V\u00e1s po\u017e\u00e1dala o zasl\u00e1n\u00ed prezentace z Va\u0161\u00ed v\u00fdborn\u00e9 p\u0159edn\u00e1\u0161ky, kterou jste n\u00e1m nab\u00edzel. V\u0161echny kolegyn\u011b, kter\u00e9 se p\u0159edn\u00e1\u0161ky na Z\u0160 Hlavice z\u00fa\u010dastnily, si velmi chv\u00e1lily Va\u0161\u00ed p\u0159edn\u00e1\u0161ku a zp\u016fsob, jak\u00fdm jste n\u00e1m v\u0161e p\u0159edvedl. Opravdu moc d\u011bkuji za v\u0161echny. Mysl\u00edm, \u017ee i moje dcery jsou v\u00edce ne\u017e nad\u0161en\u00e9 z Va\u0161eho p\u0159\u00edstupu a st\u00e1le mi opakuj\u00ed, kolikr\u00e1t maj\u00ed stla\u010dit hrudn\u00edk, kolikr\u00e1t vdechnout&#8230;prost\u011b ta n\u00e1zorn\u00e1 uk\u00e1zka s Va\u0161\u00edm v\u00fdkladem bylo pro n\u011b i pro n\u00e1s v\u00fdborn\u00e9 \u0161kolen\u00ed. P\u0159eji V\u00e1m kr\u00e1sn\u00e9 dny.<\/em> Z. K., u\u010ditelka Z\u0160 Hlavice 21.11.2019<\/p>\n\n\n\n<h2 class=\"wp-block-heading\">Z\u00e1kladn\u00ed um\u011bleck\u00e1 \u0161kola Jablonec nad Nisou<\/h2>\n\n\n\n<p><em>Dobr\u00fd den, d\u011bkujeme za rychlou reakci a celkov\u011b za v\u010derej\u0161\u00ed \u0161kolen\u00ed. Bylo v\u0161emi velmi p\u011bkn\u011b hodnoceno.<\/em> 25.1.2019<\/p>\n\n\n\n<h2 class=\"wp-block-heading\">Mega Trucking Bohemia spol. s r.o.<\/h2>\n\n\n\n<p><em>Dobr\u00fd den pane Riegere, je\u0161t\u011b jednou d\u011bkujeme za Va\u0161e \u0161kolen\u00ed, v\u0161em se l\u00edbilo a r\u00e1di se s V\u00e1mi op\u011bt za \u010das potk\u00e1me.<\/em> 16.10.2018<\/p>\n\n\n\n<h2 class=\"wp-block-heading\">M\u0160 Rychnov u Jablonce nad Nisou<\/h2>\n\n\n\n<p><em>Dne 10.1.2018 jsme byly \u0161koleny v oblasti PRVN\u00cd POMOCI. \u0160kolen\u00ed pod veden\u00edm pana Rudolfa Riegera, shled\u00e1v\u00e1me velmi v\u00fdsti\u017en\u00e9 a u\u017eite\u010dn\u00e9 pro profesi u\u010ditel\u016f v mate\u0159sk\u00e9 \u0161kole. \u0160kolen\u00ed prob\u00edhalo interaktivn\u00ed, n\u00e1zorovou i &#8222;hravou&#8220; formou, kdy jsme si mohly na figur\u00edn\u00e1ch vyzkou\u0161et jak resuscitaci d\u00edt\u011bte, tak dosp\u011bl\u00e9ho, dokonce i seniora. Za \u0161kolen\u00ed velmi d\u011bkujeme a doporu\u010dujeme ho dal\u0161\u00edm koleg\u016fm a kolegyn\u00edm. T\u00fdm M\u0160 v Rychnov\u011b u Jablonce nad Nisou.<\/em><\/p>\n\n\n\n<h2 class=\"wp-block-heading\">Z\u0160 a Zu\u0160 Jablo\u0148ov\u00e1, Liberec<\/h2>\n\n\n\n<p><em>D\u011bkuji za \u0161kolen\u00ed jako takov\u00e9. Bylo to vysoce fundovan\u00e9 a velmi zaj\u00edmav\u011b podan\u00e9 &#8211; po dlouh\u00e9 dob\u011b jsem na \u0161kolen\u00ed nezamhou\u0159il oka! Srde\u010dn\u011b<\/em> PaedDr. Jan Prchal<\/p>\n\n\n\n<h2 class=\"wp-block-heading\">D\u011btsk\u00fd domov Fr\u00fddlant<\/h2>\n\n\n\n<p><em>Dobr\u00fd den, moc V\u00e1m d\u011bkuji za materi\u00e1ly, ale p\u0159edev\u0161\u00edm za \u0161kolen\u00ed, kter\u00e9 se v\u0161em l\u00edbilo. S pozdravem<\/em> Mgr. \u0160\u00e1rka Blechov\u00e1<\/p>\n\n\n\n<h2 class=\"wp-block-heading\">Webasto Roof &amp; Components Czech Republic s.r.o.<\/h2>\n\n\n\n<p><em>&#8222;Pan Rieger a jeho \u017eena, pan\u00ed Riegerov\u00e1 s na\u0161\u00ed spole\u010dnost\u00ed Webasto Roof &amp; Components spolupracuj\u00ed od roku 2016 jako dodavatel\u00e9 z\u00e1konn\u00fdch \u0161kolen\u00ed 1.pomoci a obsluhy AED. Od samotn\u00e9ho po\u010d\u00e1tku byla ve\u0161ker\u00e1 \u0161kolen\u00ed realizov\u00e1na v t\u00e9 nejvy\u0161\u0161\u00ed kvalit\u011b. Velmi kladn\u011b hodnot\u00edm nejen p\u0159ipravenost, profesionalitu, odborn\u00e9 znalosti na vysok\u00e9 \u00farovni ale tak\u00e9 zp\u016fsob rychl\u00e9 a bezprobl\u00e9mov\u00e9 komunikace. Teorie a praxe jsou v r\u00e1mci jednotliv\u00fdch \u0161kolen\u00ed vhodn\u011b vyv\u00e1\u017eeny, d\u00edky \u010demu\u017e je v\u017edy dostatek prostoru k vyzkou\u0161en\u00ed si r\u016fzn\u00fdch technik vedouc\u00edch k z\u00e1chran\u011b lidsk\u00e9ho \u017eivota. Mezi na\u0161imi zam\u011bstnanci jsou v\u00fd\u0161e zm\u00edn\u011bn\u00e1 \u0161kolen\u00ed velice obl\u00edben\u00e1 a v\u017edy se jim dost\u00e1v\u00e1 kladn\u00fdch ohlas\u016f. Pevn\u011b v\u011b\u0159\u00edme v dal\u0161\u00ed spolupr\u00e1ci s panem Riegerem a pan\u00ed Riegerovou.&#8220;<\/em><\/p>\n\n\n\n<p>Mgr. Monika Ku\u010derov\u00e1 HR Specialist Webasto Roof &amp; Components Czech Republic s.r.o.<\/p>\n\n\n\n<h2 class=\"wp-block-heading\">EUROVIA Kamenolomy, a.s.<\/h2>\n\n\n\n<p><em>\u201e\u0160kolen\u00ed v\u010detn\u011b instrukc\u00ed a n\u00e1cviku poskytov\u00e1n\u00ed prvn\u00ed pomoci proveden\u00e9 v leto\u0161n\u00edm roce panem Riegerem u spole\u010dnosti EUROVIA Kamenolomy, a.s. pro t\u0159i skupiny na\u0161ich zam\u011bstnanc\u016f bylo provedeno po v\u0161ech str\u00e1nk\u00e1ch k na\u0161\u00ed pln\u00e9 spokojenosti. Nejcenn\u011bj\u0161\u00ed byl odborn\u00fd v\u00fdklad \u0161kolitele, kter\u00fd vych\u00e1zel z jeho zku\u0161enost\u00ed a praxe, p\u0159i\u010dem\u017e do sv\u00fdch p\u0159edn\u00e1\u0161ek dok\u00e1zal prom\u00edtnout i specifick\u00e9 po\u017eadavky, souvisej\u00edc\u00ed s nebezpe\u010d\u00edm p\u0159i hlavn\u00ed \u010dinnosti na\u0161\u00ed organizace, tj. p\u0159i hornick\u00e9 \u010dinnosti. Podle ohlas\u016f z\u00fa\u010dastn\u011bn\u00fdch zam\u011bstnanc\u016f pat\u0159ilo \u0161kolen\u00ed spolu s n\u00e1cvikem mezi velice p\u0159\u00ednosn\u00e9 \u2013 a to nejen po str\u00e1nce pracovn\u00ed.\u201c<\/em><\/p>\n\n\n\n<p>Ing. Karel PULEC, bezpe\u010dnostn\u00ed technik, EUROVIA Kamenolomy, a. s.<\/p>\n\n\n\n<h2 class=\"wp-block-heading\">ACL Automotive<\/h2>\n\n\n\n<p><em>&#8222;Va\u0161e \u0161kolen\u00ed bylo hodnoceno velmi pozitivn\u011b. M\u011blo ide\u00e1ln\u00ed obsah a bylo zd\u016frazn\u011bno \u0159e\u0161en\u00ed takov\u00fdch situac\u00ed, kter\u00e9 by mohly nastat na na\u0161em pracovi\u0161ti. \u0160kolen\u00ed bylo provedeno velmi profesion\u00e1ln\u011b a bylo tak\u00e9 obohaceno zku\u0161enostmi \u0161kolitele. Velmi pozitivn\u011b byla hodnocena mo\u017enost praktick\u00e9ho vyzkou\u0161en\u00ed mas\u00e1\u017ee srdce a um\u011bl\u00e9ho d\u00fdch\u00e1n\u00ed. V neposledn\u00ed \u0159ad\u011b kvitujeme i p\u0159\u00edznivou cenu za toto \u0161kolen\u00ed.&#8220;<br>D\u011bkujeme za spolupr\u00e1ci<\/em><\/p>\n\n\n\n<p>Ing. Jana \u0160ourkov\u00e1 | Account Manager | ACL Automotive s.r.o.<\/p>\n\n\n\n<h2 class=\"wp-block-heading\">Magna Exteriors &amp; Interiors (Bohemia) s.r.o.<\/h2>\n\n\n\n<p><em>&#8222;\u0160kolen\u00ed prvn\u00ed pomoci realizovan\u00e9 v na\u0161\u00ed spole\u010dnosti prob\u00edhalo p\u0159esn\u011b dle domluven\u00fdch pravidel. Na lektora bylo absolutn\u00ed spolehnut\u00ed, \u0161kolen\u00ed bylo po odborn\u00e9 i v\u00fdkladov\u00e9 str\u00e1nce na velmi dobr\u00e9 \u00farovni. Lektor reagoval dob\u0159e na dotazy a byly zn\u00e1t zku\u0161enosti z p\u0159\u00edm\u00e9 praxe. \u0160kolen\u00ed bych mohla doporu\u010dit. &#8222;<\/em><\/p>\n\n\n\n<p><\/p>\n\n\n\n<h2 class=\"wp-block-heading\">M\u011bsto Doksy<\/h2>\n\n\n\n<p><em>&#8222;Reakce d\u011bv\u010dat i mne za stranu objednatele byla velice kladn\u00e1. D\u011bv\u010data p\u0159edn\u00e1\u0161ce rozum\u011bla a byla velice spokojen\u00e1. Velmi jsem ocenila rychlou komunikaci mezi n\u00e1mi a dohodnut\u00ed vhodn\u00e9ho term\u00ednu. &#8222;<br>D\u011bkuji za bezchybnou spolupr\u00e1ci.<\/em><\/p>\n\n\n\n<p>Ing. Martina Bart\u00e1kov\u00e1 &#8211; vedouc\u00ed vnit\u0159n\u00edho a spr\u00e1vn\u00edho odboru<\/p>\n\n\n\n<h2 class=\"wp-block-heading\">Z\u00e1kladn\u00ed \u0161kola a Mate\u0159sk\u00e1 \u0161kola Kr\u00e1sn\u00fd Les<\/h2>\n\n\n\n<p><em>&#8222;\u0160kolen\u00ed zam\u011bstnanc\u016f na\u0161eho za\u0159\u00edzen\u00ed bylo velmi p\u0159\u00ednosn\u00e9. Obnovili jsme si znalosti z minulosti a z\u00edskali jsme nov\u00e9 poznatky. N\u00e1sledn\u011b jsme nov\u00e9 znalosti vyu\u017eili p\u0159i v\u00fduce d\u011bt\u00ed ve \u0161kole. D\u011bti si vyzkou\u0161ely mas\u00e1\u017e srdce na obrovsk\u00e9 ply\u0161ov\u00e9 my\u0161ce a sezn\u00e1mily se s n\u011bkter\u00fdmi pravidly 1.pomoci. Ak\u010dn\u00ed v\u00fduka se d\u011btem moc l\u00edbila, a ur\u010dit\u011b na ni budeme navazovat. V\u0159ele doporu\u010duji \u0161kolen\u00ed 1. pomoci pana Rudolfa Riegera v\u0161em \u0161kol\u00e1m a organizac\u00edm.&#8220;<\/em><\/p>\n\n\n\n<p>Eva Eisenhammerov\u00e1, \u0159editelka Z\u0160 a M\u0160 Kr\u00e1sn\u00fd Les<\/p>\n\n\n\n<h2 class=\"wp-block-heading\">HTW &#8211; Holztechnik Weissbach s.r.o.<\/h2>\n\n\n\n<p><em>\u201eV na\u0161\u00ed spole\u010dnosti prob\u011bhlo \u0161kolen\u00ed 1. Pomoci, kter\u00e9 vedl pan Rudolf Rieger Dis. N\u00e1\u0161 n\u00e1zor na \u0161kolen\u00ed je pozitivn\u00ed. Pan Rieger n\u00e1m ke ka\u017ed\u00e9mu bodu p\u0159idal i p\u0159\u00edklad ze sv\u00fdch zku\u0161enost\u00ed, pop\u0159. pohotov\u011b zodpov\u011bd\u011bl ve\u0161ker\u00e9 na\u0161e dotazy. \u0160kolen\u00ed bylo pro n\u00e1s p\u0159\u00ednosn\u00e9 a zaj\u00edmav\u00e9. Pan Rieger si pro n\u00e1s p\u0159ipravil \u010d\u00e1st teoretickou a tak\u00e9 praktickou. P\u0159i dal\u0161\u00edm \u0161kolen\u00ed budeme ur\u010dit\u011b pana Riegera kontaktovat. V\u0159ele pana Riegera doporu\u010dujeme. Nejen d\u00edky srozumiteln\u00e9mu \u0161kolen\u00ed, ale tak\u00e9 cenov\u00e1 nab\u00eddka byla zaj\u00edmav\u00e1 a takt\u00e9\u017e pan Rieger na \u0161kolen\u00ed dorazil p\u0159esn\u011b na smluven\u00fd \u010das.\u201c<\/em><\/p>\n\n\n\n<p>i.A. Sabina Matyskov\u00e1<\/p>\n\n\n\n<h2 class=\"wp-block-heading\">Z\u0160 Hejnice<\/h2>\n\n\n\n<p><em>&#8222;V\u00e1\u017een\u00fd pane Riegere, r\u00e1di bychom V\u00e1m touto cestou pod\u011bkovali za \u0161kolen\u00ed prvn\u00ed pomoci, kter\u00e9 jste p\u0159ipravil se sv\u00fdmi spolupracovn\u00edky pro pedagogy na\u0161\u00ed \u0161koly. \u0160kolen\u00ed splnilo sv\u016fj \u00fa\u010del &#8211; p\u0159ipomn\u011bli jsme si hlavn\u00ed z\u00e1sady poskytov\u00e1n\u00ed prvn\u00ed pomoci a p\u0159edev\u0161\u00edm oce\u0148ujeme praktick\u00fd n\u00e1cvik poskytnut\u00ed prvn\u00ed pomoci p\u0159i z\u00e1sahu elektrick\u00fdm proudem, epileptick\u00e9m z\u00e1chvatu a tepenn\u00e9m krv\u00e1cen\u00ed. Znovu jsme si uv\u011bdomili, \u017ee poskytnout rychle a spr\u00e1vn\u011b prvn\u00ed pomoc je velice d\u016fle\u017eit\u00e9, n\u00e1ro\u010dn\u00e9 a je pot\u0159eba to pravideln\u011b procvi\u010dovat. Je\u0161t\u011b jednou d\u011bkujeme cel\u00e9mu Va\u0161emu t\u00fdmu za poskytnut\u00e9 rady a p\u0159ejeme V\u00e1m hodn\u011b \u00fasp\u011bch\u016f ve Va\u0161\u00ed z\u00e1slu\u017en\u00e9 a nelehk\u00e9 pr\u00e1ci.&#8220;<\/em><\/p>\n\n\n\n<p>Za pedagogy Z\u0160 Hejnice zdrav\u00ed Blanka Kova\u010di\u010dov\u00e1<\/p>\n\n\n\n<h2 class=\"wp-block-heading\">U G A spol. s r.o.<\/h2>\n\n\n\n<p><em>&#8222;Va\u0161e v\u010derej\u0161\u00ed p\u0159edn\u00e1\u0161ka byla v\u00fdte\u010dn\u00e1, d\u011bkujeme!&#8220;<\/em><\/p>\n\n\n\n<h2 class=\"wp-block-heading\">HACO spol. s r.o.<\/h2>\n\n\n\n<p><em>\u201eR\u00e1di bychom V\u00e1m t\u00edmto pod\u011bkovali za velice p\u0159\u00ednosn\u00e9 \u0161kolen\u00ed prvn\u00ed pomoci, kter\u00e9ho se z\u00fa\u010dastnila v\u011bt\u0161ina na\u0161ich zam\u011bstnanc\u016f. Sezn\u00e1mili jsme se nejen s teori\u00ed poskytov\u00e1n\u00ed prvn\u00ed pomoci, ale tak\u00e9 s praktick\u00fdmi uk\u00e1zkami a p\u0159\u00edklady. Sami jsme m\u011bli mo\u017enost vyzkou\u0161et si resuscitaci na modelu dosp\u011bl\u00e9ho i d\u00edt\u011bte. V\u00fdklad byl pro n\u00e1s velice zaj\u00edmav\u00fd a byl dopln\u011bn o p\u0159\u00edklady \u201eze \u017eivota\u201c. Po absolvovan\u00e9m \u0161kolen\u00ed se c\u00edt\u00edme daleko v\u00edce p\u0159ipraveni na poskytnut\u00ed prvn\u00ed pomoci. Velik\u00e9 d\u00edky pat\u0159\u00ed panu Riegerovi nejen za profesion\u00e1ln\u011b p\u0159ipraven\u00e9 \u0161kolen\u00ed, ale tak\u00e9 za jeho pomoc lidem, kte\u0159\u00ed to pot\u0159ebuj\u00ed.\u201c<\/em><\/p>\n\n\n\n<h2 class=\"wp-block-heading\">Z\u00e1kladn\u00ed \u0161kola Liberec \u2013 Vratislavice nad Nisou<\/h2>\n\n\n\n<p><em>&#8222;V\u00e1\u017een\u00fd pane Riegere, dovoluji si V\u00e1m pod\u011bkovat za perfektn\u011b odvedenou pr\u00e1ci p\u0159i zaji\u0161t\u011bn\u00ed poutav\u00e9ho programu pro na\u0161e \u017e\u00e1ky. Den ochrany \u010dlov\u011bka p\u0159i mimo\u0159\u00e1dn\u00fdch ud\u00e1lostech se uskute\u010dnil na na\u0161\u00ed \u0161kole dne 15. kv\u011btna 2015. \u017d\u00e1ky i pedagogy velmi zaujal a jsme r\u00e1di, \u017ee jste pro n\u00e1s tento program spole\u010dn\u011b s cel\u00fdm t\u00fdmem p\u0159ipravil.&#8220;<\/em><\/p>\n\n\n\n<p>Mgr. Libor Ryg\u00e1l \u2013 \u0159editel \u0161koly<\/p>\n","protected":false},"excerpt":{"rendered":"<p>PRAKTIK system s.r.o. V\u00e1\u017een\u00fd pane Riegere, p\u0159edn\u011b velk\u00e9 d\u00edky za skv\u011bl\u00e9 \u0161kolen\u00ed prvn\u00ed pomoci, kter\u00e9 u n\u00e1s prob\u011bhlo minulou st\u0159edu 26. 10. Inspiroval jste n\u00e1s mimo jin\u00e9 i koup\u00ed defibril\u00e1toru. P. K., 07.11.2022 M\u0160 \u010cesk\u00fd Dub Dobr\u00fd den pane Rieger, je\u0161t\u011b jednou V\u00e1m d\u011bkujeme za pro\u0161kolen\u00ed v oblasti prvn\u00ed pomoci na\u0161ich zam\u011bstnanc\u016f. \u0160kolen\u00ed bylo velmi [&hellip;]<\/p>\n","protected":false},"author":2,"featured_media":0,"parent":0,"menu_order":0,"comment_status":"closed","ping_status":"closed","template":"","meta":{"hide_page_title":"","footnotes":""},"class_list":["post-40","page","type-page","status-publish","hentry"],"_links":{"self":[{"href":"https:\/\/skoleni-prvni-pomoc.cz\/index.php?rest_route=\/wp\/v2\/pages\/40","targetHints":{"allow":["GET"]}}],"collection":[{"href":"https:\/\/skoleni-prvni-pomoc.cz\/index.php?rest_route=\/wp\/v2\/pages"}],"about":[{"href":"https:\/\/skoleni-prvni-pomoc.cz\/index.php?rest_route=\/wp\/v2\/types\/page"}],"author":[{"embeddable":true,"href":"https:\/\/skoleni-prvni-pomoc.cz\/index.php?rest_route=\/wp\/v2\/users\/2"}],"replies":[{"embeddable":true,"href":"https:\/\/skoleni-prvni-pomoc.cz\/index.php?rest_route=%2Fwp%2Fv2%2Fcomments&post=40"}],"version-history":[{"count":4,"href":"https:\/\/skoleni-prvni-pomoc.cz\/index.php?rest_route=\/wp\/v2\/pages\/40\/revisions"}],"predecessor-version":[{"id":73,"href":"https:\/\/skoleni-prvni-pomoc.cz\/index.php?rest_route=\/wp\/v2\/pages\/40\/revisions\/73"}],"wp:attachment":[{"href":"https:\/\/skoleni-prvni-pomoc.cz\/index.php?rest_route=%2Fwp%2Fv2%2Fmedia&parent=40"}],"curies":[{"name":"wp","href":"https:\/\/api.w.org\/{rel}","templated":true}]}}