{"id":21,"date":"2024-07-18T14:51:09","date_gmt":"2024-07-18T12:51:09","guid":{"rendered":"http:\/\/skoleni-prvni-pomoc.cz\/?page_id=21"},"modified":"2024-07-21T23:40:23","modified_gmt":"2024-07-21T21:40:23","slug":"kontakty","status":"publish","type":"page","link":"https:\/\/skoleni-prvni-pomoc.cz\/?page_id=21","title":{"rendered":"Kontakty"},"content":{"rendered":"\n<p>Bc. Rudolf Rieger, DiS.<\/p>\n\n\n\n<p>I\u010c: 753 31&nbsp;918<\/p>\n\n\n\n<p>Mar\u0161ovice 41, 468 01<\/p>\n\n\n\n<p>\u010c.\u00fa. 224626432\/0300<\/p>\n\n\n\n<p>Datov\u00e1 schr\u00e1nka: 5gi7nbi<\/p>\n\n\n\n<h2 class=\"wp-block-heading\">Objedn\u00e1vky sm\u011b\u0159ujte<\/h2>\n\n\n\n<p>tel.: 604&nbsp;400&nbsp;499<\/p>\n\n\n\n<p>e-mail:&nbsp;<a href=\"https:\/\/web.archive.org\/web\/20230128055149\/mailto:prvni.pomoc.jbc@seznam.cz\">prvni.pomoc.jbc@seznam.cz<\/a><\/p>\n\n\n\n<p>web:&nbsp;<a href=\"https:\/\/web.archive.org\/web\/20230128055149\/http:\/\/skoleni-prvni-pomoc.cz\/www.skoleni-prvni-pomoc.cz\">www.skoleni-prvni-pomoc.cz<\/a><\/p>\n\n\n\n<h2 class=\"wp-block-heading\">O Lektorovi<\/h2>\n\n\n\n<p><strong>Bc. Rudolf Rieger, DiS.<\/strong>&nbsp;Lektor je: Diplomovan\u00fd zdravotnick\u00fd z\u00e1chran\u00e1\u0159 registrovan\u00fd Ministerstvem zdravotnictv\u00ed \u010cR a absolvent Technick\u00e9 univerzity v Liberci &#8211; obor V\u0161eobecn\u00e1 sestra. Dlouholet\u00fd \u010dlen Vodn\u00ed z\u00e1chrann\u00e9 slu\u017eby \u010c\u010cK, pobo\u010dn\u00e9ho spolku Jablonec nad Nisou, s dosa\u017eenou kvalifikac\u00ed Z\u00e1chran\u00e1\u0159 II.&nbsp;<\/p>\n\n\n<div class=\"wp-block-image\">\n<figure class=\"aligncenter size-full\"><img loading=\"lazy\" decoding=\"async\" width=\"160\" height=\"250\" src=\"http:\/\/skoleni-prvni-pomoc.cz\/wp-content\/uploads\/2024\/07\/image-2.png\" alt=\"\" class=\"wp-image-85\"\/><\/figure>\n<\/div>","protected":false},"excerpt":{"rendered":"<p>Bc. Rudolf Rieger, DiS. I\u010c: 753 31&nbsp;918 Mar\u0161ovice 41, 468 01 \u010c.\u00fa. 224626432\/0300 Datov\u00e1 schr\u00e1nka: 5gi7nbi Objedn\u00e1vky sm\u011b\u0159ujte tel.: 604&nbsp;400&nbsp;499 e-mail:&nbsp;prvni.pomoc.jbc@seznam.cz web:&nbsp;www.skoleni-prvni-pomoc.cz O Lektorovi Bc. Rudolf Rieger, DiS.&nbsp;Lektor je: Diplomovan\u00fd zdravotnick\u00fd z\u00e1chran\u00e1\u0159 registrovan\u00fd Ministerstvem zdravotnictv\u00ed \u010cR a absolvent Technick\u00e9 univerzity v Liberci &#8211; obor V\u0161eobecn\u00e1 sestra. Dlouholet\u00fd \u010dlen Vodn\u00ed z\u00e1chrann\u00e9 slu\u017eby \u010c\u010cK, pobo\u010dn\u00e9ho spolku Jablonec [&hellip;]<\/p>\n","protected":false},"author":2,"featured_media":0,"parent":0,"menu_order":0,"comment_status":"closed","ping_status":"closed","template":"","meta":{"hide_page_title":"","footnotes":""},"class_list":["post-21","page","type-page","status-publish","hentry"],"_links":{"self":[{"href":"https:\/\/skoleni-prvni-pomoc.cz\/index.php?rest_route=\/wp\/v2\/pages\/21","targetHints":{"allow":["GET"]}}],"collection":[{"href":"https:\/\/skoleni-prvni-pomoc.cz\/index.php?rest_route=\/wp\/v2\/pages"}],"about":[{"href":"https:\/\/skoleni-prvni-pomoc.cz\/index.php?rest_route=\/wp\/v2\/types\/page"}],"author":[{"embeddable":true,"href":"https:\/\/skoleni-prvni-pomoc.cz\/index.php?rest_route=\/wp\/v2\/users\/2"}],"replies":[{"embeddable":true,"href":"https:\/\/skoleni-prvni-pomoc.cz\/index.php?rest_route=%2Fwp%2Fv2%2Fcomments&post=21"}],"version-history":[{"count":3,"href":"https:\/\/skoleni-prvni-pomoc.cz\/index.php?rest_route=\/wp\/v2\/pages\/21\/revisions"}],"predecessor-version":[{"id":86,"href":"https:\/\/skoleni-prvni-pomoc.cz\/index.php?rest_route=\/wp\/v2\/pages\/21\/revisions\/86"}],"wp:attachment":[{"href":"https:\/\/skoleni-prvni-pomoc.cz\/index.php?rest_route=%2Fwp%2Fv2%2Fmedia&parent=21"}],"curies":[{"name":"wp","href":"https:\/\/api.w.org\/{rel}","templated":true}]}}